{"id":204,"date":"2021-07-08T18:18:49","date_gmt":"2021-07-08T16:18:49","guid":{"rendered":"https:\/\/sauna.hadiko.de\/?page_id=204"},"modified":"2024-04-29T13:44:12","modified_gmt":"2024-04-29T11:44:12","slug":"f-a-q","status":"publish","type":"page","link":"https:\/\/sauna.hadiko.de\/?page_id=204","title":{"rendered":"F.A.Q."},"content":{"rendered":"\n<ul class=\"wp-block-list\">\n<li>Was kostet die Sauna?\n<ul class=\"wp-block-list\">\n<li>Die Sauna ist f\u00fcr alle Bewohner des HaDiKos kostenlos zu nutzen, da diese bereits \u00fcber deinen Vereinsbeitrag und deine Miete bezahlt wird<\/li>\n<\/ul>\n<\/li>\n\n\n\n<li>Kann ich meinen Freund\/Freundin die nicht hier wohnt mitbringen?\n<ul class=\"wp-block-list\">\n<li>Ja kannst du, einfach ein Ticket buchen und mitbringen. Sollte es ihm\/ihr gefallen kann er\/sie gerne wiederkommen, jedoch muss er\/sie dann passives Vereinsmitglied werden. Dies kostet 10&nbsp;\u20ac\/Jahr und berechtigt ihn\/sie dazu alle HaDiKo R\u00e4ume zu verwenden (z.B. die Fahrradwerkstatt oder die Sauna). Infos dazu findest du auf der <a href=\"https:\/\/www.hadiko.de\/verein\" data-type=\"URL\" data-id=\"https:\/\/www.hadiko.de\/verein\">Webseite<\/a> oder im <a href=\"https:\/\/wiki.hadiko.de\/wiki\/Vereinsmitgliedschaft\">WiKi<\/a>.<\/li>\n<\/ul>\n<\/li>\n\n\n\n<li>Habt ihr auch den Duft Lavendelrosmarin?\n<ul class=\"wp-block-list\">\n<li>Alle D\u00fcfte, die wir kaufen k\u00f6nnen findest du unter <a href=\"http:\/\/den Saunad\u00fcften\">den Saunad\u00fcften<\/a>. Was wir aktuell zur Verf\u00fcgung haben wechselt regelm\u00e4\u00dfig, am besten schaust du einfach vorbei.<\/li>\n<\/ul>\n<\/li>\n\n\n\n<li>Kann ich die Sauna privat mieten?\n<ul class=\"wp-block-list\">\n<li>Nein, die Sauna ist nicht privat zu mieten, da der Aufwand und die Haftung daf\u00fcr zu komplex sind.<\/li>\n<\/ul>\n<\/li>\n\n\n\n<li>Kann ich aber f\u00fcr meinen Arbeitskreis die Sauna mieten?\n<ul class=\"wp-block-list\">\n<li>F\u00fcr Arbeitskreise etc. machen wir gerne die Sauna an, sofern ihr f\u00fcr das HaDiKo etwas gearbeitet habt und gerne entspannen wollt.<\/li>\n<\/ul>\n<\/li>\n\n\n\n<li>Gibt es auch einen Damenabend?\n<ul class=\"wp-block-list\">\n<li>Nein, es gibt keine Damenabende. Wir wollen die Sauna m\u00f6glichst oft jedem offen halten. Sollte nichts weiter ausgeschrieben sein ist eine Saunaschicht f\u00fcr jegliches Geschlecht zug\u00e4nglich. Ausnahmen wie Frauen-\/ M\u00e4nner-\/ oder Queere Saunaschichten sind klar als solche gekennzeichnet. Weitere Informationen zu diesen Schichten findest du <a href=\"https:\/\/sauna.hadiko.de\/?p=300\">hier<\/a>. Falls du au\u00dferdem eine Schicht nur mit Freunden\/Freundinnen bef\u00fcllst sind dann auch nur diese Personen zu dieser Schicht dabei.<\/li>\n<\/ul>\n<\/li>\n\n\n\n<li>Ist FKK verpflichtend?\n<ul class=\"wp-block-list\">\n<li>Ja, genaueres steht in der <a href=\"https:\/\/ftp.hadiko.de\/ordnungen\/einzeln\/Nutzungsordnung_Sauna.pdf\">Saunaordnung<\/a>. Du kannst dich aber gerne in so viele Handt\u00fccher oder Badem\u00e4ntel h\u00fcllen wie du magst.<\/li>\n<\/ul>\n<\/li>\n\n\n\n<li>Welche Regeln gelten bei Sonderschichten (Frauen\/M\u00e4nner\/queere)?\n<ul class=\"wp-block-list\">\n<li>Die Regeln, und warum wir diese Schichten eingef\u00fchrt haben, haben wir in <a href=\"https:\/\/sauna.hadiko.de\/?p=300\" data-type=\"post\" data-id=\"300\">diesem Blogartikel<\/a> erl\u00e4utert.<\/li>\n<\/ul>\n<\/li>\n<\/ul>\n","protected":false},"excerpt":{"rendered":"","protected":false},"author":1,"featured_media":0,"parent":0,"menu_order":0,"comment_status":"closed","ping_status":"closed","template":"","meta":{"footnotes":""},"class_list":["post-204","page","type-page","status-publish","hentry"],"_links":{"self":[{"href":"https:\/\/sauna.hadiko.de\/index.php?rest_route=\/wp\/v2\/pages\/204","targetHints":{"allow":["GET"]}}],"collection":[{"href":"https:\/\/sauna.hadiko.de\/index.php?rest_route=\/wp\/v2\/pages"}],"about":[{"href":"https:\/\/sauna.hadiko.de\/index.php?rest_route=\/wp\/v2\/types\/page"}],"author":[{"embeddable":true,"href":"https:\/\/sauna.hadiko.de\/index.php?rest_route=\/wp\/v2\/users\/1"}],"replies":[{"embeddable":true,"href":"https:\/\/sauna.hadiko.de\/index.php?rest_route=%2Fwp%2Fv2%2Fcomments&post=204"}],"version-history":[{"count":9,"href":"https:\/\/sauna.hadiko.de\/index.php?rest_route=\/wp\/v2\/pages\/204\/revisions"}],"predecessor-version":[{"id":428,"href":"https:\/\/sauna.hadiko.de\/index.php?rest_route=\/wp\/v2\/pages\/204\/revisions\/428"}],"wp:attachment":[{"href":"https:\/\/sauna.hadiko.de\/index.php?rest_route=%2Fwp%2Fv2%2Fmedia&parent=204"}],"curies":[{"name":"wp","href":"https:\/\/api.w.org\/{rel}","templated":true}]}}