{"id":63,"date":"2020-09-24T17:10:29","date_gmt":"2020-09-24T15:10:29","guid":{"rendered":"http:\/\/test.hdk\/?page_id=63"},"modified":"2024-03-23T13:59:35","modified_gmt":"2024-03-23T12:59:35","slug":"saunaregeln","status":"publish","type":"page","link":"https:\/\/sauna.hadiko.de\/?page_id=63","title":{"rendered":"Saunaregeln"},"content":{"rendered":"\n<p><a href=\"https:\/\/ftp.hadiko.de\/ordnungen\/einzeln\/Nutzungsordnung_Sauna.pdf\">Saunaordnung<\/a>:<\/p>\n\n\n\n<ul class=\"wp-block-list\">\n<li>Bring dir etwas zu trinken \/ einen Becher f\u00fcr Leitungswasser mit (<strong>keine Glasgef\u00e4\u00dfe \/ Glasflaschen<\/strong>)<br><\/li>\n\n\n\n<li>Falls du doch nicht kommen kannst, melde dich bitte <strong>bis 8 Stunden vor Saunabeginn<\/strong> ab, dann k\u00f6nnen wir den Platz neu vergeben. (Sauniertermine sind momentan beliebt)<br>\n<ul class=\"wp-block-list\">\n<li>Unentschuldigte G\u00e4ste k\u00f6nnen sich daf\u00fcr entschuldigen, indem sie zwei kalte Getr\u00e4nke dem SaunaMi beim n\u00e4chsten Mal mitbringen (kein Wasser, Mineralwasser). Andernfalls musst du auf die Sauna verzichten.<\/li>\n<\/ul>\n<\/li>\n\n\n\n<li>Pro Woche bitte nur einen Saunagang.\n<ul class=\"wp-block-list\">\n<li>Sollte 8h davor dennoch Platz sein, kannst du dich dennoch eintragen.<\/li>\n\n\n\n<li>Sollte 1h davor dennoch Platz sein, kannst du dich auch ein zweites Mal am selben Tag eintragen<br><\/li>\n<\/ul>\n<\/li>\n\n\n\n<li>Maximal 4 G\u00e4ste pro Saunagang \/ Saunaschicht\n<ul class=\"wp-block-list\">\n<li>Abweichend davon Gruppen, die eine komplette Schicht gebucht haben und uns vorher eine E-Mail schicken. Beachtet die Gr\u00f6\u00dfe der Sauna.<\/li>\n<\/ul>\n<\/li>\n\n\n\n<li>Bring dir zwei <strong>gro\u00dfe <\/strong>Handt\u00fccher mit. Dein ganzer K\u00f6rper muss darauf passen, auch deine F\u00fc\u00dfe.<br><\/li>\n\n\n\n<li>Vor dem Saunieren duschen<\/li>\n\n\n\n<li>Der gesamte Saunabereich ist ein FKK-Bereich, das Tragen von Badebekleidung oder anderer Textilien ist aus hygienischen Gr\u00fcnden untersagt. Das Umbinden oder Tragen von Handt\u00fcchern und Badem\u00e4nteln ist gestattet. Der Vorraum darf zur Umkleide genutzt werden, Schuhwerk ist vor dem Eingang abzustellen<br><\/li>\n\n\n\n<li>Zwischen den Saunaschichten ist eine Pause vorgesehen, damit alle Viren denaturieren, wir kurz durchwischen k\u00f6nnen und um neu zu heizen<br><\/li>\n\n\n\n<li>Im K5 Innenhof ist Textilpflicht, wir wollen die Anwohner nicht verunsichern (Der SaunaMi empfiehlt z.B. eine Socke f\u00fcr das Gem\u00e4cht)<\/li>\n\n\n\n<li>Keine Personen unter 16 Jahren in der Sauna oder im Vorraum, auch nicht in Begleitung der Eltern.<\/li>\n<\/ul>\n","protected":false},"excerpt":{"rendered":"<p>Saunaordnung:<\/p>\n","protected":false},"author":1,"featured_media":0,"parent":0,"menu_order":0,"comment_status":"closed","ping_status":"closed","template":"","meta":{"footnotes":""},"class_list":["post-63","page","type-page","status-publish","hentry"],"_links":{"self":[{"href":"https:\/\/sauna.hadiko.de\/index.php?rest_route=\/wp\/v2\/pages\/63","targetHints":{"allow":["GET"]}}],"collection":[{"href":"https:\/\/sauna.hadiko.de\/index.php?rest_route=\/wp\/v2\/pages"}],"about":[{"href":"https:\/\/sauna.hadiko.de\/index.php?rest_route=\/wp\/v2\/types\/page"}],"author":[{"embeddable":true,"href":"https:\/\/sauna.hadiko.de\/index.php?rest_route=\/wp\/v2\/users\/1"}],"replies":[{"embeddable":true,"href":"https:\/\/sauna.hadiko.de\/index.php?rest_route=%2Fwp%2Fv2%2Fcomments&post=63"}],"version-history":[{"count":20,"href":"https:\/\/sauna.hadiko.de\/index.php?rest_route=\/wp\/v2\/pages\/63\/revisions"}],"predecessor-version":[{"id":421,"href":"https:\/\/sauna.hadiko.de\/index.php?rest_route=\/wp\/v2\/pages\/63\/revisions\/421"}],"wp:attachment":[{"href":"https:\/\/sauna.hadiko.de\/index.php?rest_route=%2Fwp%2Fv2%2Fmedia&parent=63"}],"curies":[{"name":"wp","href":"https:\/\/api.w.org\/{rel}","templated":true}]}}